{"id":24,"date":"2023-01-08T15:45:28","date_gmt":"2023-01-08T15:45:28","guid":{"rendered":"https:\/\/testransformadores.com.br\/services\/"},"modified":"2023-01-26T13:31:36","modified_gmt":"2023-01-26T13:31:36","slug":"servicos","status":"publish","type":"page","link":"https:\/\/testransformadores.com.br\/site\/servicos\/","title":{"rendered":"Servi\u00e7os"},"content":{"rendered":"\n\n\n\n\n\n\n\n\n<h2 style=\"color: rgb(235, 7, 7); text-align: center;\">Servi\u00e7os em Transformadores<\/h2>\n<p style=\"text-align: center;\"><span style=\"font-size: medium;\">Nossos servi\u00e7os em transformadores incluem manuten\u00e7\u00e3o em campo, termografia e avalia\u00e7\u00e3o de estado dos equipamentos em campo e em oficina<\/span><br><\/p>\n\n\n<h6 style=\"color: rgb(68, 68, 68);\">Ensaios de Rotina<\/h6>\n\n<span style=\"font-family: &quot;Trebuchet MS&quot;; font-size: 17px; font-weight: 700; text-transform: uppercase;\">Rela\u00e7\u00e3o de transforma\u00e7\u00e3o<\/span>\n<span style=\"font-family: &quot;Trebuchet MS&quot;; font-size: 17px; font-weight: 700; text-transform: uppercase;\">resist\u00eancia de isolamento<\/span>\n<span style=\"font-family: &quot;Trebuchet MS&quot;; font-size: 17px; font-weight: 700; text-transform: uppercase;\">resist\u00eancia \u00d4hmica<\/span>\n<span style=\"font-family: &quot;Trebuchet MS&quot;; font-size: 17px; font-weight: 700; text-transform: uppercase;\">medi\u00e7\u00e3o de tangente delta e capacit\u00e2ncia<\/span>\n<span style=\"font-family: &quot;Trebuchet MS&quot;; font-size: 17px; font-weight: 700; text-transform: uppercase;\">ensio em vazio (oficina)<\/span>\n\n\n\n<h6 style=\"color: rgb(68, 68, 68);\">Ensaios especiais a pedido<\/h6>\n\n<span style=\"font-family: &quot;Trebuchet MS&quot;; font-size: 17px; font-weight: 700; text-transform: uppercase;\">an\u00e1lise de resposta de frequ\u00eancia (fra)<\/span>\n<span style=\"font-family: &quot;Trebuchet MS&quot;; font-size: 17px; font-weight: 700; text-transform: uppercase;\">ensio de eleva\u00e7\u00e3o de temperatura<\/span>\n<span style=\"font-family: &quot;Trebuchet MS&quot;; font-size: 17px; font-weight: 700; text-transform: uppercase;\">an\u00e1lise de resposta de frequ\u00eancia diel\u00e9trica (fds)<\/span>\n\n\n\n\n\n\n\n<h2 style=\"color: rgb(235, 7, 7); text-align: center;\">Servi\u00e7os em nossa Unidade<\/h2>\n\n\n\n<span style=\"font-family: &quot;Trebuchet MS&quot;; font-size: 17px; font-weight: 700; text-transform: uppercase;\">RECUPERA\u00c7\u00c3O DE TRANSFORMADORES<\/span>\n<span style=\"font-family: &quot;Trebuchet MS&quot;; font-size: 17px; font-weight: 700; text-transform: uppercase;\">RECUPERA\u00c7\u00c3O DE N\u00daCLEOS<\/span>\n<span style=\"font-family: &quot;Trebuchet MS&quot;; font-size: 17px; font-weight: 700; text-transform: uppercase;\">REPOTENCIA\u00c7\u00c3O<\/span>\n<span style=\"font-family: &quot;Trebuchet MS&quot;; font-size: 17px; font-weight: 700; text-transform: uppercase;\">TRATAMENTO T\u00c9RMICO E LIMPEZA<\/span>\n<span style=\"font-family: &quot;Trebuchet MS&quot;; font-size: 17px; font-weight: 700; text-transform: uppercase;\">ENSAIOS DE ROTINA E DE TIPO<\/span>\n<span style=\"font-family: &quot;Trebuchet MS&quot;; font-size: 17px; font-weight: 700; text-transform: uppercase;\">TRATAMENTO DE SUPERF\u00cdCIE E PINTURA<\/span>\n<span style=\"font-family: &quot;Trebuchet MS&quot;; font-size: 17px; font-weight: 700; text-transform: uppercase;\">PINTURA ESPECIAL<\/span>\n<span style=\"font-family: &quot;Trebuchet MS&quot;; font-size: 17px; font-weight: 700; text-transform: uppercase;\">MODIFICA\u00c7\u00c3O ESTRUTURAL<\/span>\n\n\n\n\n\n\n<h6>Destaques<\/h6>\n\n\n\n\n\n\n\n\n\n\n\n\n\n\n\n\n\n\n<h2 style=\"color: rgb(235, 7, 7); text-align: center;\">Servi\u00e7os de An\u00e1lise de \u00d3leo Isolante<\/h2>\n\n\n\n<span style=\"font-family: &quot;Trebuchet MS&quot;; font-size: 17px; font-weight: 700; text-transform: uppercase;\">an\u00e1lise f\u00edsico-qu\u00edmicas<\/span>\n\n<p><ul><li><font size=\"3\">Apar\u00eancia<\/font><\/li><li><font size=\"3\">Rigidez diel\u00e9trica<\/font><\/li><li><font size=\"3\">Fator de pot\u00eancia<\/font><\/li><li><font size=\"3\">Densidade<\/font><\/li><li><font size=\"3\">Tens\u00e3o interfacial<\/font><\/li><li><font size=\"3\">\u00cdndice de Neutraliza\u00e7\u00e3o<\/font><\/li><li><font size=\"3\">Teor de \u00c1gua<br><br><br><\/font><\/li><\/ul><\/p>\n\n\n\n\n<span style=\"font-family: &quot;Trebuchet MS&quot;; font-size: 17px; font-weight: 700; text-transform: uppercase;\">An\u00e1lise cromatogr\u00e1fica gasosa<\/span>\n\n<p><ul><li>(H2) Hidrog\u00eanio<\/li><li>(O2) Oxig\u00eanio<\/li><li>(N2) Nitrog\u00eanio<\/li><li>(CH4) Metano<\/li><li>(CO) Mon\u00f3xido de Carbono<\/li><li>(CO2) Di\u00f3xido de Carbono<\/li><li>(C2H4) Etileno<\/li><li>(C2H6) Etano<\/li><li>(C2H2) Acetil<\/li><\/ul><\/p>\n\n\n\n\n\n\n\n<h2 style=\"color: rgb(235, 7, 7); text-align: center;\">Servi\u00e7os executados nas Instala\u00e7\u00f5es do Cliente<\/h2>\n\n\n\n<strong><\/strong><span style=\"font-size: 17px; font-weight: 700; text-transform: uppercase;\">comissionamento el\u00e9trico<\/span><br>\n<span style=\"font-family: &quot;Trebuchet MS&quot;; font-size: 17px; font-weight: 700; text-transform: uppercase;\">testes el\u00e9tricos<\/span>\n<span style=\"font-family: &quot;Trebuchet MS&quot;; font-size: 17px; font-weight: 700; text-transform: uppercase;\">start-up<\/span>\n<span style=\"font-family: &quot;Trebuchet MS&quot;; font-size: 17px; font-weight: 700; text-transform: uppercase;\">opera\u00e7\u00e3o assistida<\/span>\n\n\n\n<p><span style=\"font-size: medium;\">EM:\n<br>Subesta\u00e7\u00f5es:\n<br>&nbsp;industriais de MT<br>de Concession\u00e1rias<br>de Parque e\u00f3licos etc.\n<br>Transformadores de for\u00e7a<br>Para-raios\n<br>Reatores<br>Banco de capacitores<br>Tc\u2019s<br>Tp\u2019s<br>Pain\u00e9is BT\/MT<br>Pain\u00e9is de comando e controle\n<br>Pain\u00e9is de prote\u00e7\u00e3o<br>Malhas de aterramento<\/span><br><\/p>\n\n\n<p>EQUIPAMENTOS:<br>Caixa de calibra\u00e7\u00e3o hexaf\u00e1sica<br>Medidor de malha de aterramento com subesta\u00e7\u00e3o energizada.\n<br>Medidor de fator de pot\u00eancia de isolamento<br>TTR monof\u00e1sico DTR &#8211; 8510 da AEMC<br>Ducter\u2019s digitais<br>Meg\u00f4metro digital&nbsp;<br><\/p>\n\n\n\n\n\n\n\n\n\n\n\n\n\n\n\n<h2 style=\"color: rgb(235, 7, 7); text-align: center;\">Servi\u00e7o de Munck<\/h2>\n<p style=\"text-align: center;\"><span style=\"font-size:medium;\">Oferecemos uma equipe t\u00e9cnica\nhabilitada em seguran\u00e7a do\ntrabalho, trazendo mais\nseguran\u00e7a e tranquilidade para\nnossos clientes no i\u00e7amento,\nmovimenta\u00e7\u00e3o e transporte de\nequipamentos<\/span><br><\/p>\n\n\n\n<strong><\/strong><span style=\"font-size: 17px; font-weight: 700; text-transform: uppercase;\">Loca\u00e7\u00e3o de caminh\u00e3o munck<\/span><br>\n<span style=\"font-family: &quot;Trebuchet MS&quot;; font-size: 17px; font-weight: 700; text-transform: uppercase;\">loca\u00e7\u00e3o de transformadores<\/span>\n<span style=\"font-family: &quot;Trebuchet MS&quot;; font-size: 17px; font-weight: 700; text-transform: uppercase;\">Transporte e movimenta\u00e7\u00e3o de equipamentos<\/span>\n\n\n\n\n\n\n\n\n\n\n\n\n\n\n\n\n","protected":false},"excerpt":{"rendered":"","protected":false},"author":0,"featured_media":0,"parent":0,"menu_order":0,"comment_status":"closed","ping_status":"closed","template":"","meta":{"pagelayer_contact_templates":[],"_pagelayer_content":"","footnotes":""},"class_list":["post-24","page","type-page","status-publish","hentry"],"yoast_head":"<!-- This site is optimized with the Yoast SEO plugin v26.3 - https:\/\/yoast.com\/wordpress\/plugins\/seo\/ -->\n<title>Servi\u00e7os - TES | Transformadores e Servi\u00e7os<\/title>\n<meta name=\"robots\" content=\"index, follow, max-snippet:-1, max-image-preview:large, max-video-preview:-1\" \/>\n<link rel=\"canonical\" href=\"https:\/\/testransformadores.com.br\/site\/servicos\/\" \/>\n<meta property=\"og:locale\" content=\"pt_BR\" \/>\n<meta property=\"og:type\" content=\"article\" \/>\n<meta property=\"og:title\" content=\"Servi\u00e7os - TES | Transformadores e Servi\u00e7os\" \/>\n<meta property=\"og:url\" content=\"https:\/\/testransformadores.com.br\/site\/servicos\/\" \/>\n<meta property=\"og:site_name\" content=\"TES | Transformadores e Servi\u00e7os\" \/>\n<meta property=\"article:modified_time\" content=\"2023-01-26T13:31:36+00:00\" \/>\n<meta name=\"twitter:card\" content=\"summary_large_image\" \/>\n<meta name=\"twitter:label1\" content=\"Est. tempo de leitura\" \/>\n\t<meta name=\"twitter:data1\" content=\"2 minutos\" \/>\n<script type=\"application\/ld+json\" class=\"yoast-schema-graph\">{\"@context\":\"https:\/\/schema.org\",\"@graph\":[{\"@type\":\"WebPage\",\"@id\":\"https:\/\/testransformadores.com.br\/site\/servicos\/\",\"url\":\"https:\/\/testransformadores.com.br\/site\/servicos\/\",\"name\":\"Servi\u00e7os - TES | Transformadores e Servi\u00e7os\",\"isPartOf\":{\"@id\":\"https:\/\/testransformadores.com.br\/site\/#website\"},\"datePublished\":\"2023-01-08T15:45:28+00:00\",\"dateModified\":\"2023-01-26T13:31:36+00:00\",\"breadcrumb\":{\"@id\":\"https:\/\/testransformadores.com.br\/site\/servicos\/#breadcrumb\"},\"inLanguage\":\"pt-BR\",\"potentialAction\":[{\"@type\":\"ReadAction\",\"target\":[\"https:\/\/testransformadores.com.br\/site\/servicos\/\"]}]},{\"@type\":\"BreadcrumbList\",\"@id\":\"https:\/\/testransformadores.com.br\/site\/servicos\/#breadcrumb\",\"itemListElement\":[{\"@type\":\"ListItem\",\"position\":1,\"name\":\"In\u00edcio\",\"item\":\"https:\/\/testransformadores.com.br\/site\/\"},{\"@type\":\"ListItem\",\"position\":2,\"name\":\"Servi\u00e7os\"}]},{\"@type\":\"WebSite\",\"@id\":\"https:\/\/testransformadores.com.br\/site\/#website\",\"url\":\"https:\/\/testransformadores.com.br\/site\/\",\"name\":\"TES | Transformadores e Servi\u00e7os\",\"description\":\"Empresa especializada nos servi\u00e7os de manuten\u00e7\u00e3o preditiva, manuten\u00e7\u00e3o preventiva, manuten\u00e7\u00e3o corretiva, an\u00e1lises de \u00f3leo isolante e comissionamento de substa\u00e7\u00f5es em transformadores para todo o Brasil\",\"publisher\":{\"@id\":\"https:\/\/testransformadores.com.br\/site\/#organization\"},\"alternateName\":\"TES\",\"potentialAction\":[{\"@type\":\"SearchAction\",\"target\":{\"@type\":\"EntryPoint\",\"urlTemplate\":\"https:\/\/testransformadores.com.br\/site\/?s={search_term_string}\"},\"query-input\":{\"@type\":\"PropertyValueSpecification\",\"valueRequired\":true,\"valueName\":\"search_term_string\"}}],\"inLanguage\":\"pt-BR\"},{\"@type\":\"Organization\",\"@id\":\"https:\/\/testransformadores.com.br\/site\/#organization\",\"name\":\"TES | Transformadores e Servi\u00e7os\",\"alternateName\":\"TES\",\"url\":\"https:\/\/testransformadores.com.br\/site\/\",\"logo\":{\"@type\":\"ImageObject\",\"inLanguage\":\"pt-BR\",\"@id\":\"https:\/\/testransformadores.com.br\/site\/#\/schema\/logo\/image\/\",\"url\":\"https:\/\/testransformadores.com.br\/site\/wp-content\/uploads\/2023\/01\/tesLogo.png\",\"contentUrl\":\"https:\/\/testransformadores.com.br\/site\/wp-content\/uploads\/2023\/01\/tesLogo.png\",\"width\":180,\"height\":81,\"caption\":\"TES | Transformadores e Servi\u00e7os\"},\"image\":{\"@id\":\"https:\/\/testransformadores.com.br\/site\/#\/schema\/logo\/image\/\"},\"sameAs\":[\"https:\/\/www.linkedin.com\/company\/tes-transformadores-equipamentos-eltricos-e-servios\/\"]}]}<\/script>\n<!-- \/ Yoast SEO plugin. -->","yoast_head_json":{"title":"Servi\u00e7os - TES | Transformadores e Servi\u00e7os","robots":{"index":"index","follow":"follow","max-snippet":"max-snippet:-1","max-image-preview":"max-image-preview:large","max-video-preview":"max-video-preview:-1"},"canonical":"https:\/\/testransformadores.com.br\/site\/servicos\/","og_locale":"pt_BR","og_type":"article","og_title":"Servi\u00e7os - TES | Transformadores e Servi\u00e7os","og_url":"https:\/\/testransformadores.com.br\/site\/servicos\/","og_site_name":"TES | Transformadores e Servi\u00e7os","article_modified_time":"2023-01-26T13:31:36+00:00","twitter_card":"summary_large_image","twitter_misc":{"Est. tempo de leitura":"2 minutos"},"schema":{"@context":"https:\/\/schema.org","@graph":[{"@type":"WebPage","@id":"https:\/\/testransformadores.com.br\/site\/servicos\/","url":"https:\/\/testransformadores.com.br\/site\/servicos\/","name":"Servi\u00e7os - TES | Transformadores e Servi\u00e7os","isPartOf":{"@id":"https:\/\/testransformadores.com.br\/site\/#website"},"datePublished":"2023-01-08T15:45:28+00:00","dateModified":"2023-01-26T13:31:36+00:00","breadcrumb":{"@id":"https:\/\/testransformadores.com.br\/site\/servicos\/#breadcrumb"},"inLanguage":"pt-BR","potentialAction":[{"@type":"ReadAction","target":["https:\/\/testransformadores.com.br\/site\/servicos\/"]}]},{"@type":"BreadcrumbList","@id":"https:\/\/testransformadores.com.br\/site\/servicos\/#breadcrumb","itemListElement":[{"@type":"ListItem","position":1,"name":"In\u00edcio","item":"https:\/\/testransformadores.com.br\/site\/"},{"@type":"ListItem","position":2,"name":"Servi\u00e7os"}]},{"@type":"WebSite","@id":"https:\/\/testransformadores.com.br\/site\/#website","url":"https:\/\/testransformadores.com.br\/site\/","name":"TES | Transformadores e Servi\u00e7os","description":"Empresa especializada nos servi\u00e7os de manuten\u00e7\u00e3o preditiva, manuten\u00e7\u00e3o preventiva, manuten\u00e7\u00e3o corretiva, an\u00e1lises de \u00f3leo isolante e comissionamento de substa\u00e7\u00f5es em transformadores para todo o Brasil","publisher":{"@id":"https:\/\/testransformadores.com.br\/site\/#organization"},"alternateName":"TES","potentialAction":[{"@type":"SearchAction","target":{"@type":"EntryPoint","urlTemplate":"https:\/\/testransformadores.com.br\/site\/?s={search_term_string}"},"query-input":{"@type":"PropertyValueSpecification","valueRequired":true,"valueName":"search_term_string"}}],"inLanguage":"pt-BR"},{"@type":"Organization","@id":"https:\/\/testransformadores.com.br\/site\/#organization","name":"TES | Transformadores e Servi\u00e7os","alternateName":"TES","url":"https:\/\/testransformadores.com.br\/site\/","logo":{"@type":"ImageObject","inLanguage":"pt-BR","@id":"https:\/\/testransformadores.com.br\/site\/#\/schema\/logo\/image\/","url":"https:\/\/testransformadores.com.br\/site\/wp-content\/uploads\/2023\/01\/tesLogo.png","contentUrl":"https:\/\/testransformadores.com.br\/site\/wp-content\/uploads\/2023\/01\/tesLogo.png","width":180,"height":81,"caption":"TES | Transformadores e Servi\u00e7os"},"image":{"@id":"https:\/\/testransformadores.com.br\/site\/#\/schema\/logo\/image\/"},"sameAs":["https:\/\/www.linkedin.com\/company\/tes-transformadores-equipamentos-eltricos-e-servios\/"]}]}},"_links":{"self":[{"href":"https:\/\/testransformadores.com.br\/site\/wp-json\/wp\/v2\/pages\/24","targetHints":{"allow":["GET"]}}],"collection":[{"href":"https:\/\/testransformadores.com.br\/site\/wp-json\/wp\/v2\/pages"}],"about":[{"href":"https:\/\/testransformadores.com.br\/site\/wp-json\/wp\/v2\/types\/page"}],"replies":[{"embeddable":true,"href":"https:\/\/testransformadores.com.br\/site\/wp-json\/wp\/v2\/comments?post=24"}],"version-history":[{"count":18,"href":"https:\/\/testransformadores.com.br\/site\/wp-json\/wp\/v2\/pages\/24\/revisions"}],"predecessor-version":[{"id":229,"href":"https:\/\/testransformadores.com.br\/site\/wp-json\/wp\/v2\/pages\/24\/revisions\/229"}],"wp:attachment":[{"href":"https:\/\/testransformadores.com.br\/site\/wp-json\/wp\/v2\/media?parent=24"}],"curies":[{"name":"wp","href":"https:\/\/api.w.org\/{rel}","templated":true}]}}