{"id":25,"date":"2023-01-08T15:45:28","date_gmt":"2023-01-08T15:45:28","guid":{"rendered":"https:\/\/testransformadores.com.br\/about\/"},"modified":"2023-01-17T14:11:35","modified_gmt":"2023-01-17T14:11:35","slug":"sobre-a-tes","status":"publish","type":"page","link":"https:\/\/testransformadores.com.br\/site\/sobre-a-tes\/","title":{"rendered":"Sobre a TES"},"content":{"rendered":"\n\n\n\n\n\n\n\n\n\n\n<h4>Sobre a TES<\/h4>\n<p><span style=\"color: rgb(255, 255, 255);\">A TES Transformadores chega ao mercado trazendo credibilidade e experi\u00eancia de mais de 20 anos em seu corpo t\u00e9cnico e de colaboradores, ad<span style=\"color:#ffffff;\"><\/span>quiridos na fabrica\u00e7\u00e3o de transformadores de distribui\u00e7\u00e3o e pot\u00eancia para grandes clientes no Brasil como, Eletropaulo, Light, Petrobras, CPFL, dentre outros.&nbsp;<\/span><\/p>\n<p><span style=\"color: rgb(255, 255, 255);\"><\/span>A TES Transformadores,\n\u00e9 uma empresa prestadorade servi\u00e7os na \u00e1rea de\nmanuten\u00e7\u00e3o e repara\u00e7\u00e3o de transformadores em parque\ne\u00f3lico e solar.&nbsp;<\/p>\n<p>Experi\u00eancia de mais de 20 anos de seu corpo t\u00e9cnico e\ncolaboradores,\nadquiridos na fabrica\u00e7\u00e3o de transformadores de distribui\u00e7\u00e3o e pot\u00eancia para grandes clientes no Brasil.\nEste legado t\u00e9cnico permite oferecer aos seus clientes uma grande gama de servi\u00e7os em\ninstala\u00e7\u00f5es industriais, em concession\u00e1rias de energia,&nbsp; parques e\u00f3licos e servi\u00e7os de recupera\u00e7\u00e3o e retrofit de\ntransformadores de distribui\u00e7\u00e3o e pot\u00eancia.\nTransformando conhecimento em solu\u00e7\u00f5es para seus\nclientes.<br><\/p>\n\n\n\n\n\n\n<h4 style=\"color: rgb(255, 255, 255);\">Miss\u00e3o<\/h4>\n<p><font color=\"#ffffff\">Oferecer aos seus cliente<\/font><span style=\"color: rgb(255, 255, 255);\">s uma gama de servi\u00e7os&nbsp;<\/span><span style=\"color: rgb(255, 255, 255);\">em subesta\u00e7\u00f5es, bem como de manuten\u00e7\u00e3o&nbsp;<\/span><span style=\"color: rgb(255, 255, 255);\">preventiva e corretiva de transformadores de&nbsp;<\/span><span style=\"color: rgb(255, 255, 255);\">distribui\u00e7\u00e3o e de pot\u00eancia,<\/span><\/p><p><font color=\"#ffffff\">por quem efetivamente sabe o que faz.<\/font><\/p>\n<h4 style=\"color: rgb(255, 255, 255);\">Vis\u00e3o<\/h4>\n<p><font color=\"#ffffff\">Solucionar e oferecer servi\u00e7os e consultorias de projetos&nbsp;<\/font><span style=\"color: rgb(255, 255, 255);\">el\u00e9tricos e mec\u00e2nicos de transformadores e subesta\u00e7\u00f5es,&nbsp;<\/span><span style=\"color: rgb(255, 255, 255);\">juntamente com a constru\u00e7\u00e3o de um laborat\u00f3rio qu\u00edmico,&nbsp;<\/span><span style=\"color: rgb(255, 255, 255);\">para realiza\u00e7\u00e3o de an\u00e1lises f\u00edsico-qu\u00edmicas e cromatografia&nbsp;<\/span><span style=\"color: rgb(255, 255, 255);\">gasosa em \u00f3leo mineral isolante de transformadores levando&nbsp;<\/span><span style=\"color: rgb(255, 255, 255);\">aos nossos clientes credibilidade e experi\u00eancia.<\/span><\/p>\n<h4 style=\"color: rgb(255, 255, 255);\">Valores<\/h4>\n<p><font color=\"#ffffff\">Responsabilidade e confian\u00e7a, buscando sempre a&nbsp;<\/font><span style=\"color: rgb(255, 255, 255);\">capacita\u00e7\u00e3o dos profissionais tanto no setor&nbsp;<\/span><span style=\"color: rgb(255, 255, 255);\">administrativo como no operacional, visando a melhoria&nbsp;<\/span><span style=\"color: rgb(255, 255, 255);\">dos nossos servi\u00e7os como empresa e melhoria no&nbsp;<\/span><span style=\"color: rgb(255, 255, 255);\">crescimento profissional dos nossos colaboradores.<\/span><\/p>\n\n\n\n\n\n\n\n\n","protected":false},"excerpt":{"rendered":"","protected":false},"author":0,"featured_media":0,"parent":0,"menu_order":0,"comment_status":"closed","ping_status":"closed","template":"","meta":{"pagelayer_contact_templates":[],"_pagelayer_content":"","footnotes":""},"class_list":["post-25","page","type-page","status-publish","hentry"],"yoast_head":"<!-- This site is optimized with the Yoast SEO plugin v26.3 - https:\/\/yoast.com\/wordpress\/plugins\/seo\/ -->\n<title>Sobre a TES - TES | Transformadores e Servi\u00e7os<\/title>\n<meta name=\"robots\" content=\"index, follow, max-snippet:-1, max-image-preview:large, max-video-preview:-1\" \/>\n<link rel=\"canonical\" href=\"https:\/\/testransformadores.com.br\/site\/sobre-a-tes\/\" \/>\n<meta property=\"og:locale\" content=\"pt_BR\" \/>\n<meta property=\"og:type\" content=\"article\" \/>\n<meta property=\"og:title\" content=\"Sobre a TES - TES | Transformadores e Servi\u00e7os\" \/>\n<meta property=\"og:url\" content=\"https:\/\/testransformadores.com.br\/site\/sobre-a-tes\/\" \/>\n<meta property=\"og:site_name\" content=\"TES | Transformadores e Servi\u00e7os\" \/>\n<meta property=\"article:modified_time\" content=\"2023-01-17T14:11:35+00:00\" \/>\n<meta name=\"twitter:card\" content=\"summary_large_image\" \/>\n<meta name=\"twitter:label1\" content=\"Est. tempo de leitura\" \/>\n\t<meta name=\"twitter:data1\" content=\"2 minutos\" \/>\n<script type=\"application\/ld+json\" class=\"yoast-schema-graph\">{\"@context\":\"https:\/\/schema.org\",\"@graph\":[{\"@type\":\"WebPage\",\"@id\":\"https:\/\/testransformadores.com.br\/site\/sobre-a-tes\/\",\"url\":\"https:\/\/testransformadores.com.br\/site\/sobre-a-tes\/\",\"name\":\"Sobre a TES - TES | Transformadores e Servi\u00e7os\",\"isPartOf\":{\"@id\":\"https:\/\/testransformadores.com.br\/site\/#website\"},\"datePublished\":\"2023-01-08T15:45:28+00:00\",\"dateModified\":\"2023-01-17T14:11:35+00:00\",\"breadcrumb\":{\"@id\":\"https:\/\/testransformadores.com.br\/site\/sobre-a-tes\/#breadcrumb\"},\"inLanguage\":\"pt-BR\",\"potentialAction\":[{\"@type\":\"ReadAction\",\"target\":[\"https:\/\/testransformadores.com.br\/site\/sobre-a-tes\/\"]}]},{\"@type\":\"BreadcrumbList\",\"@id\":\"https:\/\/testransformadores.com.br\/site\/sobre-a-tes\/#breadcrumb\",\"itemListElement\":[{\"@type\":\"ListItem\",\"position\":1,\"name\":\"In\u00edcio\",\"item\":\"https:\/\/testransformadores.com.br\/site\/\"},{\"@type\":\"ListItem\",\"position\":2,\"name\":\"Sobre a TES\"}]},{\"@type\":\"WebSite\",\"@id\":\"https:\/\/testransformadores.com.br\/site\/#website\",\"url\":\"https:\/\/testransformadores.com.br\/site\/\",\"name\":\"TES | Transformadores e Servi\u00e7os\",\"description\":\"Empresa especializada nos servi\u00e7os de manuten\u00e7\u00e3o preditiva, manuten\u00e7\u00e3o preventiva, manuten\u00e7\u00e3o corretiva, an\u00e1lises de \u00f3leo isolante e comissionamento de substa\u00e7\u00f5es em transformadores para todo o Brasil\",\"publisher\":{\"@id\":\"https:\/\/testransformadores.com.br\/site\/#organization\"},\"alternateName\":\"TES\",\"potentialAction\":[{\"@type\":\"SearchAction\",\"target\":{\"@type\":\"EntryPoint\",\"urlTemplate\":\"https:\/\/testransformadores.com.br\/site\/?s={search_term_string}\"},\"query-input\":{\"@type\":\"PropertyValueSpecification\",\"valueRequired\":true,\"valueName\":\"search_term_string\"}}],\"inLanguage\":\"pt-BR\"},{\"@type\":\"Organization\",\"@id\":\"https:\/\/testransformadores.com.br\/site\/#organization\",\"name\":\"TES | Transformadores e Servi\u00e7os\",\"alternateName\":\"TES\",\"url\":\"https:\/\/testransformadores.com.br\/site\/\",\"logo\":{\"@type\":\"ImageObject\",\"inLanguage\":\"pt-BR\",\"@id\":\"https:\/\/testransformadores.com.br\/site\/#\/schema\/logo\/image\/\",\"url\":\"https:\/\/testransformadores.com.br\/site\/wp-content\/uploads\/2023\/01\/tesLogo.png\",\"contentUrl\":\"https:\/\/testransformadores.com.br\/site\/wp-content\/uploads\/2023\/01\/tesLogo.png\",\"width\":180,\"height\":81,\"caption\":\"TES | Transformadores e Servi\u00e7os\"},\"image\":{\"@id\":\"https:\/\/testransformadores.com.br\/site\/#\/schema\/logo\/image\/\"},\"sameAs\":[\"https:\/\/www.linkedin.com\/company\/tes-transformadores-equipamentos-eltricos-e-servios\/\"]}]}<\/script>\n<!-- \/ Yoast SEO plugin. -->","yoast_head_json":{"title":"Sobre a TES - TES | Transformadores e Servi\u00e7os","robots":{"index":"index","follow":"follow","max-snippet":"max-snippet:-1","max-image-preview":"max-image-preview:large","max-video-preview":"max-video-preview:-1"},"canonical":"https:\/\/testransformadores.com.br\/site\/sobre-a-tes\/","og_locale":"pt_BR","og_type":"article","og_title":"Sobre a TES - TES | Transformadores e Servi\u00e7os","og_url":"https:\/\/testransformadores.com.br\/site\/sobre-a-tes\/","og_site_name":"TES | Transformadores e Servi\u00e7os","article_modified_time":"2023-01-17T14:11:35+00:00","twitter_card":"summary_large_image","twitter_misc":{"Est. tempo de leitura":"2 minutos"},"schema":{"@context":"https:\/\/schema.org","@graph":[{"@type":"WebPage","@id":"https:\/\/testransformadores.com.br\/site\/sobre-a-tes\/","url":"https:\/\/testransformadores.com.br\/site\/sobre-a-tes\/","name":"Sobre a TES - TES | Transformadores e Servi\u00e7os","isPartOf":{"@id":"https:\/\/testransformadores.com.br\/site\/#website"},"datePublished":"2023-01-08T15:45:28+00:00","dateModified":"2023-01-17T14:11:35+00:00","breadcrumb":{"@id":"https:\/\/testransformadores.com.br\/site\/sobre-a-tes\/#breadcrumb"},"inLanguage":"pt-BR","potentialAction":[{"@type":"ReadAction","target":["https:\/\/testransformadores.com.br\/site\/sobre-a-tes\/"]}]},{"@type":"BreadcrumbList","@id":"https:\/\/testransformadores.com.br\/site\/sobre-a-tes\/#breadcrumb","itemListElement":[{"@type":"ListItem","position":1,"name":"In\u00edcio","item":"https:\/\/testransformadores.com.br\/site\/"},{"@type":"ListItem","position":2,"name":"Sobre a TES"}]},{"@type":"WebSite","@id":"https:\/\/testransformadores.com.br\/site\/#website","url":"https:\/\/testransformadores.com.br\/site\/","name":"TES | Transformadores e Servi\u00e7os","description":"Empresa especializada nos servi\u00e7os de manuten\u00e7\u00e3o preditiva, manuten\u00e7\u00e3o preventiva, manuten\u00e7\u00e3o corretiva, an\u00e1lises de \u00f3leo isolante e comissionamento de substa\u00e7\u00f5es em transformadores para todo o Brasil","publisher":{"@id":"https:\/\/testransformadores.com.br\/site\/#organization"},"alternateName":"TES","potentialAction":[{"@type":"SearchAction","target":{"@type":"EntryPoint","urlTemplate":"https:\/\/testransformadores.com.br\/site\/?s={search_term_string}"},"query-input":{"@type":"PropertyValueSpecification","valueRequired":true,"valueName":"search_term_string"}}],"inLanguage":"pt-BR"},{"@type":"Organization","@id":"https:\/\/testransformadores.com.br\/site\/#organization","name":"TES | Transformadores e Servi\u00e7os","alternateName":"TES","url":"https:\/\/testransformadores.com.br\/site\/","logo":{"@type":"ImageObject","inLanguage":"pt-BR","@id":"https:\/\/testransformadores.com.br\/site\/#\/schema\/logo\/image\/","url":"https:\/\/testransformadores.com.br\/site\/wp-content\/uploads\/2023\/01\/tesLogo.png","contentUrl":"https:\/\/testransformadores.com.br\/site\/wp-content\/uploads\/2023\/01\/tesLogo.png","width":180,"height":81,"caption":"TES | Transformadores e Servi\u00e7os"},"image":{"@id":"https:\/\/testransformadores.com.br\/site\/#\/schema\/logo\/image\/"},"sameAs":["https:\/\/www.linkedin.com\/company\/tes-transformadores-equipamentos-eltricos-e-servios\/"]}]}},"_links":{"self":[{"href":"https:\/\/testransformadores.com.br\/site\/wp-json\/wp\/v2\/pages\/25","targetHints":{"allow":["GET"]}}],"collection":[{"href":"https:\/\/testransformadores.com.br\/site\/wp-json\/wp\/v2\/pages"}],"about":[{"href":"https:\/\/testransformadores.com.br\/site\/wp-json\/wp\/v2\/types\/page"}],"replies":[{"embeddable":true,"href":"https:\/\/testransformadores.com.br\/site\/wp-json\/wp\/v2\/comments?post=25"}],"version-history":[{"count":12,"href":"https:\/\/testransformadores.com.br\/site\/wp-json\/wp\/v2\/pages\/25\/revisions"}],"predecessor-version":[{"id":165,"href":"https:\/\/testransformadores.com.br\/site\/wp-json\/wp\/v2\/pages\/25\/revisions\/165"}],"wp:attachment":[{"href":"https:\/\/testransformadores.com.br\/site\/wp-json\/wp\/v2\/media?parent=25"}],"curies":[{"name":"wp","href":"https:\/\/api.w.org\/{rel}","templated":true}]}}