{"id":26,"date":"2023-01-08T15:45:29","date_gmt":"2023-01-08T15:45:29","guid":{"rendered":"https:\/\/testransformadores.com.br\/home\/"},"modified":"2023-01-11T14:50:49","modified_gmt":"2023-01-11T14:50:49","slug":"inicio","status":"publish","type":"page","link":"https:\/\/testransformadores.com.br\/site\/","title":{"rendered":"In\u00edcio"},"content":{"rendered":"\n\n\n\n<h2>Nossos Servi\u00e7os<\/h2><span style=\"color:#000000;\"><h2><\/h2><p><br><\/p><\/span><p><\/p>\n\n<p style=\"text-align: center;\"><span style=\"color: rgb(0, 0, 0); text-align: center;\">Atendemos&nbsp; \u00e0s necessidades de ind\u00fastrias e empresas do setor energ\u00e9tico Brasileiro<\/span><br><\/p>\n\n\n\n\n\n\n\n\n\n\n\n\n\n\n\n\n\n\n\n\n\n\n\n\n\n\n<h4>\u00daltimas Not\u00edcias<\/h4>\n\n\n{&#8220;title&#8221;:&#8221; &#8220;,&#8221;number&#8221;:&#8221;5&#8243;,&#8221;show_date&#8221;:&#8221;1&#8243;}\n\n\n\n\n\n\n<h2 style=\"color: rgb(235, 7, 7);\">Nossos Clientes<\/h2>\n\n<p>Abaixo alguns de nossos principais clientes<\/p>\n\n\n\n","protected":false},"excerpt":{"rendered":"","protected":false},"author":1,"featured_media":0,"parent":0,"menu_order":0,"comment_status":"closed","ping_status":"closed","template":"","meta":{"pagelayer_contact_templates":[],"_pagelayer_content":"","footnotes":""},"class_list":["post-26","page","type-page","status-publish","hentry"],"yoast_head":"<!-- This site is optimized with the Yoast SEO plugin v26.3 - https:\/\/yoast.com\/wordpress\/plugins\/seo\/ -->\n<title>TES | Transformadores e Servi\u00e7os<\/title>\n<meta name=\"description\" content=\"TES Transformadores h\u00e1 10 anos trazendo credibilidade e experi\u00eancia de mais de 20 anos em seu corpo t\u00e9cnico na manute\u00e7\u00e3o de transformadores.\" \/>\n<meta name=\"robots\" content=\"index, follow, max-snippet:-1, max-image-preview:large, max-video-preview:-1\" \/>\n<link rel=\"canonical\" href=\"https:\/\/testransformadores.com.br\/site\/\" \/>\n<meta property=\"og:locale\" content=\"pt_BR\" \/>\n<meta property=\"og:type\" content=\"article\" \/>\n<meta property=\"og:title\" content=\"TES | Transformadores e Servi\u00e7os\" \/>\n<meta property=\"og:description\" content=\"TES Transformadores h\u00e1 10 anos trazendo credibilidade e experi\u00eancia de mais de 20 anos em seu corpo t\u00e9cnico na manute\u00e7\u00e3o de transformadores.\" \/>\n<meta property=\"og:url\" content=\"https:\/\/testransformadores.com.br\/site\/\" \/>\n<meta property=\"og:site_name\" content=\"TES | Transformadores e Servi\u00e7os\" \/>\n<meta property=\"article:modified_time\" content=\"2023-01-11T14:50:49+00:00\" \/>\n<meta name=\"twitter:card\" content=\"summary_large_image\" \/>\n<meta name=\"twitter:label1\" content=\"Est. tempo de leitura\" \/>\n\t<meta name=\"twitter:data1\" content=\"1 minuto\" \/>\n<script type=\"application\/ld+json\" class=\"yoast-schema-graph\">{\"@context\":\"https:\/\/schema.org\",\"@graph\":[{\"@type\":\"WebPage\",\"@id\":\"https:\/\/testransformadores.com.br\/site\/\",\"url\":\"https:\/\/testransformadores.com.br\/site\/\",\"name\":\"TES | Transformadores e Servi\u00e7os\",\"isPartOf\":{\"@id\":\"https:\/\/testransformadores.com.br\/site\/#website\"},\"datePublished\":\"2023-01-08T15:45:29+00:00\",\"dateModified\":\"2023-01-11T14:50:49+00:00\",\"description\":\"TES Transformadores h\u00e1 10 anos trazendo credibilidade e experi\u00eancia de mais de 20 anos em seu corpo t\u00e9cnico na manute\u00e7\u00e3o de transformadores.\",\"breadcrumb\":{\"@id\":\"https:\/\/testransformadores.com.br\/site\/#breadcrumb\"},\"inLanguage\":\"pt-BR\",\"potentialAction\":[{\"@type\":\"ReadAction\",\"target\":[\"https:\/\/testransformadores.com.br\/site\/\"]}]},{\"@type\":\"BreadcrumbList\",\"@id\":\"https:\/\/testransformadores.com.br\/site\/#breadcrumb\",\"itemListElement\":[{\"@type\":\"ListItem\",\"position\":1,\"name\":\"In\u00edcio\",\"item\":\"https:\/\/testransformadores.com.br\/site\/\"},{\"@type\":\"ListItem\",\"position\":2,\"name\":\"In\u00edcio\"}]},{\"@type\":\"WebSite\",\"@id\":\"https:\/\/testransformadores.com.br\/site\/#website\",\"url\":\"https:\/\/testransformadores.com.br\/site\/\",\"name\":\"TES | Transformadores e Servi\u00e7os\",\"description\":\"Empresa especializada nos servi\u00e7os de manuten\u00e7\u00e3o preditiva, manuten\u00e7\u00e3o preventiva, manuten\u00e7\u00e3o corretiva, an\u00e1lises de \u00f3leo isolante e comissionamento de substa\u00e7\u00f5es em transformadores para todo o Brasil\",\"publisher\":{\"@id\":\"https:\/\/testransformadores.com.br\/site\/#organization\"},\"alternateName\":\"TES\",\"potentialAction\":[{\"@type\":\"SearchAction\",\"target\":{\"@type\":\"EntryPoint\",\"urlTemplate\":\"https:\/\/testransformadores.com.br\/site\/?s={search_term_string}\"},\"query-input\":{\"@type\":\"PropertyValueSpecification\",\"valueRequired\":true,\"valueName\":\"search_term_string\"}}],\"inLanguage\":\"pt-BR\"},{\"@type\":\"Organization\",\"@id\":\"https:\/\/testransformadores.com.br\/site\/#organization\",\"name\":\"TES | Transformadores e Servi\u00e7os\",\"alternateName\":\"TES\",\"url\":\"https:\/\/testransformadores.com.br\/site\/\",\"logo\":{\"@type\":\"ImageObject\",\"inLanguage\":\"pt-BR\",\"@id\":\"https:\/\/testransformadores.com.br\/site\/#\/schema\/logo\/image\/\",\"url\":\"https:\/\/testransformadores.com.br\/site\/wp-content\/uploads\/2023\/01\/tesLogo.png\",\"contentUrl\":\"https:\/\/testransformadores.com.br\/site\/wp-content\/uploads\/2023\/01\/tesLogo.png\",\"width\":180,\"height\":81,\"caption\":\"TES | Transformadores e Servi\u00e7os\"},\"image\":{\"@id\":\"https:\/\/testransformadores.com.br\/site\/#\/schema\/logo\/image\/\"},\"sameAs\":[\"https:\/\/www.linkedin.com\/company\/tes-transformadores-equipamentos-eltricos-e-servios\/\"]}]}<\/script>\n<!-- \/ Yoast SEO plugin. -->","yoast_head_json":{"title":"TES | Transformadores e Servi\u00e7os","description":"TES Transformadores h\u00e1 10 anos trazendo credibilidade e experi\u00eancia de mais de 20 anos em seu corpo t\u00e9cnico na manute\u00e7\u00e3o de transformadores.","robots":{"index":"index","follow":"follow","max-snippet":"max-snippet:-1","max-image-preview":"max-image-preview:large","max-video-preview":"max-video-preview:-1"},"canonical":"https:\/\/testransformadores.com.br\/site\/","og_locale":"pt_BR","og_type":"article","og_title":"TES | Transformadores e Servi\u00e7os","og_description":"TES Transformadores h\u00e1 10 anos trazendo credibilidade e experi\u00eancia de mais de 20 anos em seu corpo t\u00e9cnico na manute\u00e7\u00e3o de transformadores.","og_url":"https:\/\/testransformadores.com.br\/site\/","og_site_name":"TES | Transformadores e Servi\u00e7os","article_modified_time":"2023-01-11T14:50:49+00:00","twitter_card":"summary_large_image","twitter_misc":{"Est. tempo de leitura":"1 minuto"},"schema":{"@context":"https:\/\/schema.org","@graph":[{"@type":"WebPage","@id":"https:\/\/testransformadores.com.br\/site\/","url":"https:\/\/testransformadores.com.br\/site\/","name":"TES | Transformadores e Servi\u00e7os","isPartOf":{"@id":"https:\/\/testransformadores.com.br\/site\/#website"},"datePublished":"2023-01-08T15:45:29+00:00","dateModified":"2023-01-11T14:50:49+00:00","description":"TES Transformadores h\u00e1 10 anos trazendo credibilidade e experi\u00eancia de mais de 20 anos em seu corpo t\u00e9cnico na manute\u00e7\u00e3o de transformadores.","breadcrumb":{"@id":"https:\/\/testransformadores.com.br\/site\/#breadcrumb"},"inLanguage":"pt-BR","potentialAction":[{"@type":"ReadAction","target":["https:\/\/testransformadores.com.br\/site\/"]}]},{"@type":"BreadcrumbList","@id":"https:\/\/testransformadores.com.br\/site\/#breadcrumb","itemListElement":[{"@type":"ListItem","position":1,"name":"In\u00edcio","item":"https:\/\/testransformadores.com.br\/site\/"},{"@type":"ListItem","position":2,"name":"In\u00edcio"}]},{"@type":"WebSite","@id":"https:\/\/testransformadores.com.br\/site\/#website","url":"https:\/\/testransformadores.com.br\/site\/","name":"TES | Transformadores e Servi\u00e7os","description":"Empresa especializada nos servi\u00e7os de manuten\u00e7\u00e3o preditiva, manuten\u00e7\u00e3o preventiva, manuten\u00e7\u00e3o corretiva, an\u00e1lises de \u00f3leo isolante e comissionamento de substa\u00e7\u00f5es em transformadores para todo o Brasil","publisher":{"@id":"https:\/\/testransformadores.com.br\/site\/#organization"},"alternateName":"TES","potentialAction":[{"@type":"SearchAction","target":{"@type":"EntryPoint","urlTemplate":"https:\/\/testransformadores.com.br\/site\/?s={search_term_string}"},"query-input":{"@type":"PropertyValueSpecification","valueRequired":true,"valueName":"search_term_string"}}],"inLanguage":"pt-BR"},{"@type":"Organization","@id":"https:\/\/testransformadores.com.br\/site\/#organization","name":"TES | Transformadores e Servi\u00e7os","alternateName":"TES","url":"https:\/\/testransformadores.com.br\/site\/","logo":{"@type":"ImageObject","inLanguage":"pt-BR","@id":"https:\/\/testransformadores.com.br\/site\/#\/schema\/logo\/image\/","url":"https:\/\/testransformadores.com.br\/site\/wp-content\/uploads\/2023\/01\/tesLogo.png","contentUrl":"https:\/\/testransformadores.com.br\/site\/wp-content\/uploads\/2023\/01\/tesLogo.png","width":180,"height":81,"caption":"TES | Transformadores e Servi\u00e7os"},"image":{"@id":"https:\/\/testransformadores.com.br\/site\/#\/schema\/logo\/image\/"},"sameAs":["https:\/\/www.linkedin.com\/company\/tes-transformadores-equipamentos-eltricos-e-servios\/"]}]}},"_links":{"self":[{"href":"https:\/\/testransformadores.com.br\/site\/wp-json\/wp\/v2\/pages\/26","targetHints":{"allow":["GET"]}}],"collection":[{"href":"https:\/\/testransformadores.com.br\/site\/wp-json\/wp\/v2\/pages"}],"about":[{"href":"https:\/\/testransformadores.com.br\/site\/wp-json\/wp\/v2\/types\/page"}],"author":[{"embeddable":true,"href":"https:\/\/testransformadores.com.br\/site\/wp-json\/wp\/v2\/users\/1"}],"replies":[{"embeddable":true,"href":"https:\/\/testransformadores.com.br\/site\/wp-json\/wp\/v2\/comments?post=26"}],"version-history":[{"count":26,"href":"https:\/\/testransformadores.com.br\/site\/wp-json\/wp\/v2\/pages\/26\/revisions"}],"predecessor-version":[{"id":158,"href":"https:\/\/testransformadores.com.br\/site\/wp-json\/wp\/v2\/pages\/26\/revisions\/158"}],"wp:attachment":[{"href":"https:\/\/testransformadores.com.br\/site\/wp-json\/wp\/v2\/media?parent=26"}],"curies":[{"name":"wp","href":"https:\/\/api.w.org\/{rel}","templated":true}]}}