{"id":27,"date":"2023-01-08T15:45:29","date_gmt":"2023-01-08T15:45:29","guid":{"rendered":"https:\/\/testransformadores.com.br\/contact\/"},"modified":"2023-01-09T22:47:51","modified_gmt":"2023-01-09T22:47:51","slug":"contato","status":"publish","type":"page","link":"https:\/\/testransformadores.com.br\/site\/contato\/","title":{"rendered":"Contato"},"content":{"rendered":"\n\n\n<h3>Entre em contato<\/h3><p>Para esclarecimentos e\/ou solicita\u00e7\u00e3o de proposta, deixe sua mensagem que em breve um de nossos consultores comerciais entrar\u00e1 em contato.<\/p>\n\n\n\n\n\n\n\n\n\n\n\n\nTES Transformadores\n\n\n\n\n\n\n<h6>Email de contato<\/h6>\n\n\n\n\n\n<h6>Nosso Endere\u00e7o<\/h6>\n\n\n\n\n\n<h6>Nosso telefone<\/h6>\n\n\n\n\n","protected":false},"excerpt":{"rendered":"","protected":false},"author":1,"featured_media":0,"parent":0,"menu_order":0,"comment_status":"closed","ping_status":"closed","template":"","meta":{"pagelayer_contact_templates":{"iup2429":{"from_email":"$email","cont_subject":"Contact Page Form","cont_header":"$name,$email,$company,$phone,$message","cont_use_html":"true"}},"_pagelayer_content":"","footnotes":""},"class_list":["post-27","page","type-page","status-publish","hentry"],"yoast_head":"<!-- This site is optimized with the Yoast SEO plugin v26.3 - https:\/\/yoast.com\/wordpress\/plugins\/seo\/ -->\n<title>Contato - TES | Transformadores e Servi\u00e7os<\/title>\n<meta name=\"description\" content=\"Entre em contato conosco e para saber mais sobre nossos servi;os e solicite uma proposta para manuten\u00e7\u00e3o de transformador em sua empresa.\" \/>\n<meta name=\"robots\" content=\"index, follow, max-snippet:-1, max-image-preview:large, max-video-preview:-1\" \/>\n<link rel=\"canonical\" href=\"https:\/\/testransformadores.com.br\/site\/contato\/\" \/>\n<meta property=\"og:locale\" content=\"pt_BR\" \/>\n<meta property=\"og:type\" content=\"article\" \/>\n<meta property=\"og:title\" content=\"Contato - TES | Transformadores e Servi\u00e7os\" \/>\n<meta property=\"og:description\" content=\"Entre em contato conosco e para saber mais sobre nossos servi;os e solicite uma proposta para manuten\u00e7\u00e3o de transformador em sua empresa.\" \/>\n<meta property=\"og:url\" content=\"https:\/\/testransformadores.com.br\/site\/contato\/\" \/>\n<meta property=\"og:site_name\" content=\"TES | Transformadores e Servi\u00e7os\" \/>\n<meta property=\"article:modified_time\" content=\"2023-01-09T22:47:51+00:00\" \/>\n<meta name=\"twitter:card\" content=\"summary_large_image\" \/>\n<meta name=\"twitter:label1\" content=\"Est. tempo de leitura\" \/>\n\t<meta name=\"twitter:data1\" content=\"1 minuto\" \/>\n<script type=\"application\/ld+json\" class=\"yoast-schema-graph\">{\"@context\":\"https:\/\/schema.org\",\"@graph\":[{\"@type\":\"WebPage\",\"@id\":\"https:\/\/testransformadores.com.br\/site\/contato\/\",\"url\":\"https:\/\/testransformadores.com.br\/site\/contato\/\",\"name\":\"Contato - TES | Transformadores e Servi\u00e7os\",\"isPartOf\":{\"@id\":\"https:\/\/testransformadores.com.br\/site\/#website\"},\"datePublished\":\"2023-01-08T15:45:29+00:00\",\"dateModified\":\"2023-01-09T22:47:51+00:00\",\"description\":\"Entre em contato conosco e para saber mais sobre nossos servi;os e solicite uma proposta para manuten\u00e7\u00e3o de transformador em sua empresa.\",\"breadcrumb\":{\"@id\":\"https:\/\/testransformadores.com.br\/site\/contato\/#breadcrumb\"},\"inLanguage\":\"pt-BR\",\"potentialAction\":[{\"@type\":\"ReadAction\",\"target\":[\"https:\/\/testransformadores.com.br\/site\/contato\/\"]}]},{\"@type\":\"BreadcrumbList\",\"@id\":\"https:\/\/testransformadores.com.br\/site\/contato\/#breadcrumb\",\"itemListElement\":[{\"@type\":\"ListItem\",\"position\":1,\"name\":\"In\u00edcio\",\"item\":\"https:\/\/testransformadores.com.br\/site\/\"},{\"@type\":\"ListItem\",\"position\":2,\"name\":\"Contato\"}]},{\"@type\":\"WebSite\",\"@id\":\"https:\/\/testransformadores.com.br\/site\/#website\",\"url\":\"https:\/\/testransformadores.com.br\/site\/\",\"name\":\"TES | Transformadores e Servi\u00e7os\",\"description\":\"Empresa especializada nos servi\u00e7os de manuten\u00e7\u00e3o preditiva, manuten\u00e7\u00e3o preventiva, manuten\u00e7\u00e3o corretiva, an\u00e1lises de \u00f3leo isolante e comissionamento de substa\u00e7\u00f5es em transformadores para todo o Brasil\",\"publisher\":{\"@id\":\"https:\/\/testransformadores.com.br\/site\/#organization\"},\"alternateName\":\"TES\",\"potentialAction\":[{\"@type\":\"SearchAction\",\"target\":{\"@type\":\"EntryPoint\",\"urlTemplate\":\"https:\/\/testransformadores.com.br\/site\/?s={search_term_string}\"},\"query-input\":{\"@type\":\"PropertyValueSpecification\",\"valueRequired\":true,\"valueName\":\"search_term_string\"}}],\"inLanguage\":\"pt-BR\"},{\"@type\":\"Organization\",\"@id\":\"https:\/\/testransformadores.com.br\/site\/#organization\",\"name\":\"TES | Transformadores e Servi\u00e7os\",\"alternateName\":\"TES\",\"url\":\"https:\/\/testransformadores.com.br\/site\/\",\"logo\":{\"@type\":\"ImageObject\",\"inLanguage\":\"pt-BR\",\"@id\":\"https:\/\/testransformadores.com.br\/site\/#\/schema\/logo\/image\/\",\"url\":\"https:\/\/testransformadores.com.br\/site\/wp-content\/uploads\/2023\/01\/tesLogo.png\",\"contentUrl\":\"https:\/\/testransformadores.com.br\/site\/wp-content\/uploads\/2023\/01\/tesLogo.png\",\"width\":180,\"height\":81,\"caption\":\"TES | Transformadores e Servi\u00e7os\"},\"image\":{\"@id\":\"https:\/\/testransformadores.com.br\/site\/#\/schema\/logo\/image\/\"},\"sameAs\":[\"https:\/\/www.linkedin.com\/company\/tes-transformadores-equipamentos-eltricos-e-servios\/\"]}]}<\/script>\n<!-- \/ Yoast SEO plugin. -->","yoast_head_json":{"title":"Contato - TES | Transformadores e Servi\u00e7os","description":"Entre em contato conosco e para saber mais sobre nossos servi;os e solicite uma proposta para manuten\u00e7\u00e3o de transformador em sua empresa.","robots":{"index":"index","follow":"follow","max-snippet":"max-snippet:-1","max-image-preview":"max-image-preview:large","max-video-preview":"max-video-preview:-1"},"canonical":"https:\/\/testransformadores.com.br\/site\/contato\/","og_locale":"pt_BR","og_type":"article","og_title":"Contato - TES | Transformadores e Servi\u00e7os","og_description":"Entre em contato conosco e para saber mais sobre nossos servi;os e solicite uma proposta para manuten\u00e7\u00e3o de transformador em sua empresa.","og_url":"https:\/\/testransformadores.com.br\/site\/contato\/","og_site_name":"TES | Transformadores e Servi\u00e7os","article_modified_time":"2023-01-09T22:47:51+00:00","twitter_card":"summary_large_image","twitter_misc":{"Est. tempo de leitura":"1 minuto"},"schema":{"@context":"https:\/\/schema.org","@graph":[{"@type":"WebPage","@id":"https:\/\/testransformadores.com.br\/site\/contato\/","url":"https:\/\/testransformadores.com.br\/site\/contato\/","name":"Contato - TES | Transformadores e Servi\u00e7os","isPartOf":{"@id":"https:\/\/testransformadores.com.br\/site\/#website"},"datePublished":"2023-01-08T15:45:29+00:00","dateModified":"2023-01-09T22:47:51+00:00","description":"Entre em contato conosco e para saber mais sobre nossos servi;os e solicite uma proposta para manuten\u00e7\u00e3o de transformador em sua empresa.","breadcrumb":{"@id":"https:\/\/testransformadores.com.br\/site\/contato\/#breadcrumb"},"inLanguage":"pt-BR","potentialAction":[{"@type":"ReadAction","target":["https:\/\/testransformadores.com.br\/site\/contato\/"]}]},{"@type":"BreadcrumbList","@id":"https:\/\/testransformadores.com.br\/site\/contato\/#breadcrumb","itemListElement":[{"@type":"ListItem","position":1,"name":"In\u00edcio","item":"https:\/\/testransformadores.com.br\/site\/"},{"@type":"ListItem","position":2,"name":"Contato"}]},{"@type":"WebSite","@id":"https:\/\/testransformadores.com.br\/site\/#website","url":"https:\/\/testransformadores.com.br\/site\/","name":"TES | Transformadores e Servi\u00e7os","description":"Empresa especializada nos servi\u00e7os de manuten\u00e7\u00e3o preditiva, manuten\u00e7\u00e3o preventiva, manuten\u00e7\u00e3o corretiva, an\u00e1lises de \u00f3leo isolante e comissionamento de substa\u00e7\u00f5es em transformadores para todo o Brasil","publisher":{"@id":"https:\/\/testransformadores.com.br\/site\/#organization"},"alternateName":"TES","potentialAction":[{"@type":"SearchAction","target":{"@type":"EntryPoint","urlTemplate":"https:\/\/testransformadores.com.br\/site\/?s={search_term_string}"},"query-input":{"@type":"PropertyValueSpecification","valueRequired":true,"valueName":"search_term_string"}}],"inLanguage":"pt-BR"},{"@type":"Organization","@id":"https:\/\/testransformadores.com.br\/site\/#organization","name":"TES | Transformadores e Servi\u00e7os","alternateName":"TES","url":"https:\/\/testransformadores.com.br\/site\/","logo":{"@type":"ImageObject","inLanguage":"pt-BR","@id":"https:\/\/testransformadores.com.br\/site\/#\/schema\/logo\/image\/","url":"https:\/\/testransformadores.com.br\/site\/wp-content\/uploads\/2023\/01\/tesLogo.png","contentUrl":"https:\/\/testransformadores.com.br\/site\/wp-content\/uploads\/2023\/01\/tesLogo.png","width":180,"height":81,"caption":"TES | Transformadores e Servi\u00e7os"},"image":{"@id":"https:\/\/testransformadores.com.br\/site\/#\/schema\/logo\/image\/"},"sameAs":["https:\/\/www.linkedin.com\/company\/tes-transformadores-equipamentos-eltricos-e-servios\/"]}]}},"_links":{"self":[{"href":"https:\/\/testransformadores.com.br\/site\/wp-json\/wp\/v2\/pages\/27","targetHints":{"allow":["GET"]}}],"collection":[{"href":"https:\/\/testransformadores.com.br\/site\/wp-json\/wp\/v2\/pages"}],"about":[{"href":"https:\/\/testransformadores.com.br\/site\/wp-json\/wp\/v2\/types\/page"}],"author":[{"embeddable":true,"href":"https:\/\/testransformadores.com.br\/site\/wp-json\/wp\/v2\/users\/1"}],"replies":[{"embeddable":true,"href":"https:\/\/testransformadores.com.br\/site\/wp-json\/wp\/v2\/comments?post=27"}],"version-history":[{"count":8,"href":"https:\/\/testransformadores.com.br\/site\/wp-json\/wp\/v2\/pages\/27\/revisions"}],"predecessor-version":[{"id":149,"href":"https:\/\/testransformadores.com.br\/site\/wp-json\/wp\/v2\/pages\/27\/revisions\/149"}],"wp:attachment":[{"href":"https:\/\/testransformadores.com.br\/site\/wp-json\/wp\/v2\/media?parent=27"}],"curies":[{"name":"wp","href":"https:\/\/api.w.org\/{rel}","templated":true}]}}